{"id":1206,"date":"2025-08-02T08:43:16","date_gmt":"2025-08-02T01:43:16","guid":{"rendered":"https:\/\/rinfere.com\/chinh-sach-van-chuyen\/"},"modified":"2026-01-27T14:40:01","modified_gmt":"2026-01-27T07:40:01","slug":"chinh-sach-van-chuyen","status":"publish","type":"page","link":"https:\/\/rinfere.com\/vi\/chinh-sach-van-chuyen\/","title":{"rendered":"Ch\u00ednh s\u00e1ch v\u1eadn chuy\u1ec3n"},"content":{"rendered":"\n<p><strong>1. Ch\u00ednh s\u00e1ch v\u1eadn chuy\u1ec3n<\/strong><\/p>\n\n\n\n<p>Sau khi kh\u00e1ch h\u00e0ng \u0111\u1eb7t mua s\u1ea3n ph\u1ea9m b\u00ean ch\u00fang t\u00f4i, th\u1eddi gian giao h\u00e0ng s\u1ebd ph\u1ee5 thu\u1ed9c v\u00e0o \u0111\u1ecba \u0111i\u1ec3m nh\u1eadn giao h\u00e0ng c\u1ee7a kh\u00e1ch h\u00e0ng:<\/p>\n\n\n\n<ul class=\"wp-block-list\">\n<li>Giao h\u00e0ng mi\u1ec5n ph\u00ed tr\u00ean to\u00e0n qu\u1ed1c \u0111\u1ed1i v\u1edbi \u0111\u01a1n h\u00e0ng \u0111\u1ea1t gi\u00e1 tr\u1ecb t\u1ed5ng l\u00e0 300.000\u0111 tr\u1edf l\u00ean<\/li>\n\n\n\n<li>Giao h\u00e0ng c\u00f3 ph\u00ed v\u1eadn chuy\u1ec3n \u0111\u1ed1i v\u1edbi \u0111\u01a1n h\u00e0ng t\u1eeb 0\u0111 \u0111\u1ebfn 299.000\u0111 (ph\u00ed v\u1eadn chuy\u1ec3n t\u00ednh theo khu v\u1ef1c m\u00e0 kh\u00e1ch h\u00e0ng nh\u1eadn h\u00e0ng)<\/li>\n<\/ul>\n\n\n\n<p>\u0110\u1ed1i v\u1edbi kh\u00e1ch h\u00e0ng \u1edf ngo\u1ea1i t\u1ec9nh ho\u1eb7c c\u00f3 y\u00eau c\u1ea7u chuy\u1ec3n ph\u00e1t th\u00ec ch\u00fang t\u00f4i s\u1ebd chuy\u1ec3n ph\u00e1t nhanh \u0111\u1ebfn t\u1eadn n\u01a1i cho kh\u00e1ch h\u00e0ng.<\/p>\n\n\n\n<p><strong>2. Hi\u1ec7u l\u1ef1c<\/strong><\/p>\n\n\n\n<p>Ch\u00ednh s\u00e1ch n\u00e0y kh\u00f4ng \u00e1p d\u1ee5ng \u0111\u1ed1i v\u1edbi h\u00e0ng h\u00f3a l\u00e0 qu\u00e0 t\u1eb7ng, h\u00e0ng khuy\u1ebfn m\u1ea1i. C\u00e1c ch\u01b0\u01a1ng tr\u00ecnh khuy\u1ebfn m\u1ea1i kh\u00f4ng \u00e1p d\u1ee5ng \u0111\u1ed3ng th\u1eddi (nh\u01b0ng kh\u00f4ng bao g\u1ed3m khuy\u1ebfn m\u1ea1i \u1edf m\u1ee5c 1&nbsp;c\u1ee7a ch\u00ednh s\u00e1ch n\u00e0y), \u01b0u ti\u00ean khuy\u1ebfn m\u1ea1i l\u1edbn nh\u1ea5t d\u00e0nh cho kh\u00e1ch h\u00e0ng t\u1ea1i th\u1eddi \u0111i\u1ec3m giao d\u1ecbch.<\/p>\n\n\n\n<p><strong>3. Th\u1eddi gian giao h\u00e0ng<\/strong><\/p>\n\n\n\n<p>Th\u1eddi gian giao h\u00e0ng t\u1ea1i \u0110\u00e0 N\u1eb5ng t\u1eeb&nbsp;3-48 gi\u1edd \u0111\u1ed3ng h\u1ed3 t\u00ednh t\u1eeb th\u1eddi \u0111i\u1ec3m x\u00e1c nh\u1eadn \u0111\u01a1n h\u00e0ng v\u1edbi kh\u00e1ch h\u00e0ng.<br>Th\u1eddi gian giao h\u00e0ng COD \u1edf c\u00e1c t\u1ec9nh, th\u00e0nh ph\u1ed1 s\u1ebd tu\u1ef3 thu\u1ed9c v\u00e0o t\u1eebng \u0111\u1ecba ch\u1ec9 c\u1ee7a kh\u00e1ch h\u00e0ng, b\u1ed9 ph\u1eadn x\u1eed l\u00fd \u0111\u01a1n h\u00e0ng s\u1ebd b\u00e1o c\u1ee5 th\u1ec3 v\u1edbi kh\u00e1ch h\u00e0ng (Trung b\u00ecnh kho\u1ea3ng 2 \u2013 5 ng\u00e0y l\u00e0m vi\u1ec7c)<br>Trong tr\u01b0\u1eddng h\u1ee3p kh\u00e1ch h\u00e0ng c\u1ea7n v\u1eadn chuy\u1ec3n H\u1eceA T\u1ed0C th\u00ec qu\u00fd kh\u00e1ch vui l\u00f2ng trao \u0111\u1ed5i v\u1edbi nh\u00e2n vi\u00ean b\u00e1n h\u00e0ng s\u1ebd t\u01b0 v\u1ea5n c\u1ee5 th\u1ec3.<\/p>\n\n\n\n<p>C\u00e1c tr\u01b0\u1eddng h\u1ee3p \u0111\u1eb7c bi\u1ec7t, kh\u00e1ch h\u00e0ng vui l\u00f2ng li\u00ean h\u1ec7 v\u1edbi hotline 0905 156 167<\/p>\n\n\n\n<p>L\u01b0u \u00fd: V\u00e0o th\u1eddi gian cao \u0111i\u1ec3m (l\u1ec5, t\u1ebft), ho\u1eb7c t\u00f9y theo m\u1ed9t s\u1ed1 \u0111i\u1ec1u ki\u1ec7n kh\u00e1ch quan (nh\u01b0 thi\u00ean tai, h\u1ecfng h\u00f3c ph\u01b0\u01a1ng ti\u1ec7n, d\u1ecbch b\u1ec7nh&nbsp;v.v\u2026), ch\u00fang t\u00f4i kh\u00f4ng th\u1ec3 giao h\u00e0ng ngay n\u00ean s\u1ebd th\u1ecfa thu\u1eadn th\u1eddi gian giao h\u00e0ng c\u1ee5 th\u1ec3 cho qu\u00fd kh\u00e1ch.<\/p>\n\n\n\n<p>RINFERE xin ch\u00e2n th\u00e0nh c\u1ea3m \u01a1n qu\u00fd kh\u00e1ch h\u00e0ng \u0111\u00e3 tin c\u1eady v\u00e0 s\u1eed d\u1ee5ng d\u1ecbch v\u1ee5 c\u1ee7a ch\u00fang t\u00f4i!<\/p>\n","protected":false},"excerpt":{"rendered":"<p>1. Ch\u00ednh s\u00e1ch v\u1eadn chuy\u1ec3n Sau khi kh\u00e1ch h\u00e0ng \u0111\u1eb7t mua s\u1ea3n ph\u1ea9m b\u00ean ch\u00fang t\u00f4i, th\u1eddi gian giao h\u00e0ng s\u1ebd ph\u1ee5 thu\u1ed9c v\u00e0o \u0111\u1ecba \u0111i\u1ec3m nh\u1eadn giao h\u00e0ng c\u1ee7a kh\u00e1ch h\u00e0ng: \u0110\u1ed1i v\u1edbi kh\u00e1ch h\u00e0ng \u1edf ngo\u1ea1i t\u1ec9nh ho\u1eb7c c\u00f3 y\u00eau c\u1ea7u chuy\u1ec3n ph\u00e1t th\u00ec ch\u00fang t\u00f4i s\u1ebd chuy\u1ec3n ph\u00e1t nhanh \u0111\u1ebfn t\u1eadn n\u01a1i [&#8230;]\n","protected":false},"author":2,"featured_media":0,"parent":0,"menu_order":0,"comment_status":"closed","ping_status":"closed","template":"page-blank-title-center.php","meta":{"footnotes":""},"class_list":["post-1206","page","type-page","status-publish","hentry","fpd-variation-needed"],"_links":{"self":[{"href":"https:\/\/rinfere.com\/vi\/wp-json\/wp\/v2\/pages\/1206","targetHints":{"allow":["GET"]}}],"collection":[{"href":"https:\/\/rinfere.com\/vi\/wp-json\/wp\/v2\/pages"}],"about":[{"href":"https:\/\/rinfere.com\/vi\/wp-json\/wp\/v2\/types\/page"}],"author":[{"embeddable":true,"href":"https:\/\/rinfere.com\/vi\/wp-json\/wp\/v2\/users\/2"}],"replies":[{"embeddable":true,"href":"https:\/\/rinfere.com\/vi\/wp-json\/wp\/v2\/comments?post=1206"}],"version-history":[{"count":4,"href":"https:\/\/rinfere.com\/vi\/wp-json\/wp\/v2\/pages\/1206\/revisions"}],"predecessor-version":[{"id":1388,"href":"https:\/\/rinfere.com\/vi\/wp-json\/wp\/v2\/pages\/1206\/revisions\/1388"}],"wp:attachment":[{"href":"https:\/\/rinfere.com\/vi\/wp-json\/wp\/v2\/media?parent=1206"}],"curies":[{"name":"wp","href":"https:\/\/api.w.org\/{rel}","templated":true}]}}