{"id":1299,"date":"2025-08-19T16:48:05","date_gmt":"2025-08-19T09:48:05","guid":{"rendered":"https:\/\/rinfere.com\/refunds-and-returns-policy\/"},"modified":"2025-10-09T14:42:27","modified_gmt":"2025-10-09T07:42:27","slug":"chinh-sach-hoan-tra","status":"publish","type":"page","link":"https:\/\/rinfere.com\/vi\/chinh-sach-hoan-tra\/","title":{"rendered":"Ch\u00ednh s\u00e1ch \u0111\u1ed5i tr\u1ea3 v\u00e0 ho\u00e0n ti\u1ec1n"},"content":{"rendered":"\n<p><strong>1. \u0110i\u1ec1u ki\u1ec7n \u0111\u1ed5i tr\u1ea3<\/strong><\/p>\n\n\n\n<p>Qu\u00fd Kh\u00e1ch h\u00e0ng c\u1ea7n ki\u1ec3m tra t\u00ecnh tr\u1ea1ng h\u00e0ng h\u00f3a v\u00e0 c\u00f3 th\u1ec3 \u0111\u1ed5i h\u00e0ng\/ tr\u1ea3 l\u1ea1i h\u00e0ng&nbsp;ngay t\u1ea1i th\u1eddi \u0111i\u1ec3m giao\/nh\u1eadn h\u00e0ng&nbsp;trong nh\u1eefng tr\u01b0\u1eddng h\u1ee3p sau:<\/p>\n\n\n\n<p><em><strong>\u0110i\u1ec1u ki\u1ec7n \u0111\u1ed5i h\u00e0ng:<\/strong><\/em><\/p>\n\n\n\n<ul class=\"wp-block-list\">\n<li>S\u1ea3n ph\u1ea9m mua t\u1ea1i RINFERE<\/li>\n\n\n\n<li>S\u1ea3n ph\u1ea9m c\u00f2n trong t\u00ecnh tr\u1ea1ng ban \u0111\u1ea7u<\/li>\n\n\n\n<li>S\u1ea3n ph\u1ea9m ch\u01b0a qua s\u1eed d\u1ee5ng<\/li>\n\n\n\n<li>S\u1ea3n ph\u1ea9m b\u1ecb l\u1ed7i do nh\u00e0 s\u1ea3n xu\u1ea5t<\/li>\n\n\n\n<li>S\u1ea3n ph\u1ea9m ph\u1ea3i c\u00f2n m\u1edbi, kh\u00f4ng b\u1ecb d\u01a1 b\u1ea9n, tr\u1ea7y x\u01b0\u1edbc&nbsp;<\/li>\n<\/ul>\n\n\n\n<p><strong><em>\u0110i\u1ec1u ki\u1ec7n kh\u00f4ng \u0111\u01b0\u1ee3c \u0111\u1ed5i h\u00e0ng:<\/em><\/strong><\/p>\n\n\n\n<ul class=\"wp-block-list\">\n<li>S\u1ea3n ph\u1ea9m \u0111\u00e3 qua s\u1eed d\u1ee5ng<\/li>\n\n\n\n<li>S\u1ea3n ph\u1ea9m kh\u00f4ng ph\u1ea3i do RINFERE&nbsp;b\u00e1n ra<\/li>\n\n\n\n<li>L\u1ed7i do ng\u01b0\u1eddi s\u1eed d\u1ee5ng<\/li>\n\n\n\n<li>Mua h\u00e0ng t\u1ea1i c\u00e1c th\u01b0\u01a1ng hi\u1ec7u kh\u00e1c (m\u1ea1o danh) ho\u1eb7c kh\u00f4ng x\u00e1c th\u1ef1c \u0111\u01b0\u1ee3c th\u00f4ng tin mua h\u00e0ng ch\u00ednh th\u1ed1ng t\u1ea1i RINFERE<\/li>\n<\/ul>\n\n\n\n<p><em><strong>H\u00ecnh th\u1ee9c \u0111\u1ed5i tr\u1ea3:<\/strong><\/em><\/p>\n\n\n\n<p>B\u01b0\u1edbc 1: G\u1ecdi \u0111\u1ebfn hotline 0988 287 284 ho\u1eb7c g\u1eedi mail\u00a0rinfereinc@gmail.com\u00a0\u0111\u1ec3 th\u00f4ng b\u00e1o v\u00e0 x\u00e1c nh\u1eadn t\u00ecnh tr\u1ea1ng s\u1ea3n ph\u1ea9m v\u1edbi b\u1ed9 ph\u1eadn CSKH c\u1ee7a RINFERE<\/p>\n\n\n\n<p>B\u01b0\u1edbc 2: Kh\u00e1ch h\u00e0ng \u0111\u00f3ng g\u00f3i l\u1ea1i s\u1ea3n ph\u1ea9m l\u1ed7i v\u00e0 ghi th\u00f4ng tin tr\u00ean g\u00f3i h\u00e0ng nh\u01b0 sau: <\/p>\n\n\n\n<p>&#8211; T\u00ean ng\u01b0\u1eddi mua h\u00e0ng<\/p>\n\n\n\n<p>&#8211; \u0110\u1ecba ch\u1ec9 giao h\u00e0ng<\/p>\n\n\n\n<p>&#8211; S\u0110T ng\u01b0\u1eddi mua<\/p>\n\n\n\n<p>&#8211; T\u00ean S\u1ea3n ph\u1ea9m c\u1ea7n \u0111\u1ed5i<\/p>\n\n\n\n<p>B\u01b0\u1edbc 3: B\u1ed9 ph\u1eadn CSKH s\u1ebd th\u1ef1c hi\u1ec7n g\u1eedi s\u1ea3n ph\u1ea9m m\u1edbi t\u1edbi kh\u00e1ch h\u00e0ng v\u00e0 thu h\u1ed3i l\u1ea1i s\u1ea3n ph\u1ea9m l\u1ed7i. Ph\u00ed v\u1eadn chuy\u1ec3n s\u1ebd do RINFERE&nbsp;chi tr\u1ea3.<\/p>\n\n\n\n<p><strong>2. Quy \u0111\u1ecbnh v\u1ec1 th\u1eddi gian th\u00f4ng b\u00e1o v\u00e0 g\u1eedi s\u1ea3n ph\u1ea9m \u0111\u1ed5i tr\u1ea3<\/strong><\/p>\n\n\n\n<ul class=\"wp-block-list\">\n<li><strong>Th\u1eddi gian th\u00f4ng b\u00e1o \u0111\u1ed5i tr\u1ea3<\/strong>:&nbsp;trong v\u00f2ng 48h k\u1ec3 t\u1eeb khi nh\u1eadn s\u1ea3n ph\u1ea9m \u0111\u1ed1i v\u1edbi tr\u01b0\u1eddng h\u1ee3p s\u1ea3n ph\u1ea9m thi\u1ebfu ph\u1ee5 ki\u1ec7n, qu\u00e0 t\u1eb7ng ho\u1eb7c b\u1ec3 v\u1ee1.<\/li>\n\n\n\n<li><strong>Th\u1eddi gian g\u1eedi chuy\u1ec3n tr\u1ea3 s\u1ea3n ph\u1ea9m<\/strong>: trong v\u00f2ng 14 ng\u00e0y k\u1ec3 t\u1eeb khi nh\u1eadn s\u1ea3n ph\u1ea9m.<\/li>\n\n\n\n<li><strong>\u0110\u1ecba \u0111i\u1ec3m \u0111\u1ed5i tr\u1ea3 s\u1ea3n ph\u1ea9m<\/strong>: Kh\u00e1ch h\u00e0ng c\u00f3 th\u1ec3 mang h\u00e0ng tr\u1ef1c ti\u1ebfp \u0111\u1ebfn v\u0103n ph\u00f2ng\/ c\u1eeda h\u00e0ng c\u1ee7a ch\u00fang t\u00f4i ho\u1eb7c chuy\u1ec3n qua \u0111\u01b0\u1eddng b\u01b0u \u0111i\u1ec7n.<\/li>\n<\/ul>\n\n\n\n<p><strong>3. C\u00e1c tr\u01b0\u1eddng h\u1ee3p \u0111\u01b0\u1ee3c ho\u00e0n ti\u1ec1n&nbsp;<\/strong><\/p>\n\n\n\n<p>S\u1ea3n ph\u1ea9m giao kh\u00f4ng \u0111\u00fang ch\u1ee7ng lo\u1ea1i v\u00e0 m\u1eabu m\u00e3 m\u00e0 kh\u00e1ch h\u00e0ng \u0111\u0103ng k\u00fd mua h\u00e0ng tr\u00ean websibe c\u1ee7a Rinfere, th\u1eddi gian ho\u00e0n&nbsp;tr\u1ea3 to\u00e0n b\u1ed9 s\u1ed1 ti\u1ec1n m\u00e0 kh\u00e1ch h\u00e0ng \u0111\u00e3 tr\u1ea3 trong th\u1eddi gian 07 ng\u00e0y. H\u00ecnh th\u1ee9c ho\u00e0n ti\u1ec1n l\u00e0 chuy\u1ec3n kho\u1ea3n qua t\u00e0i kho\u1ea3n ng\u00e2n h\u00e0ng.<\/p>\n\n\n\n<p>Trong tr\u01b0\u1eddng h\u1ee3p Qu\u00fd Kh\u00e1ch h\u00e0ng c\u00f3 \u00fd ki\u1ebfn \u0111\u00f3ng g\u00f3p\/khi\u1ebfu n\u1ea1i li\u00ean quan \u0111\u1ebfn ch\u1ea5t l\u01b0\u1ee3ng s\u1ea3n ph\u1ea9m, Qu\u00fd Kh\u00e1ch h\u00e0ng vui l\u00f2ng li\u00ean h\u1ec7 \u0111\u01b0\u1eddng d\u00e2y ch\u0103m s\u00f3c kh\u00e1ch h\u00e0ng&nbsp;c\u1ee7a ch\u00fang t\u00f4i.<\/p>\n","protected":false},"excerpt":{"rendered":"<p>1. \u0110i\u1ec1u ki\u1ec7n \u0111\u1ed5i tr\u1ea3 Qu\u00fd Kh\u00e1ch h\u00e0ng c\u1ea7n ki\u1ec3m tra t\u00ecnh tr\u1ea1ng h\u00e0ng h\u00f3a v\u00e0 c\u00f3 th\u1ec3 \u0111\u1ed5i h\u00e0ng\/ tr\u1ea3 l\u1ea1i h\u00e0ng&nbsp;ngay t\u1ea1i th\u1eddi \u0111i\u1ec3m giao\/nh\u1eadn h\u00e0ng&nbsp;trong nh\u1eefng tr\u01b0\u1eddng h\u1ee3p sau: \u0110i\u1ec1u ki\u1ec7n \u0111\u1ed5i h\u00e0ng: \u0110i\u1ec1u ki\u1ec7n kh\u00f4ng \u0111\u01b0\u1ee3c \u0111\u1ed5i h\u00e0ng: H\u00ecnh th\u1ee9c \u0111\u1ed5i tr\u1ea3: B\u01b0\u1edbc 1: G\u1ecdi \u0111\u1ebfn hotline 0988 287 284 ho\u1eb7c [&#8230;]\n","protected":false},"author":2,"featured_media":0,"parent":0,"menu_order":0,"comment_status":"closed","ping_status":"closed","template":"page-blank-title-center.php","meta":{"footnotes":""},"class_list":["post-1299","page","type-page","status-publish","hentry","fpd-variation-needed"],"_links":{"self":[{"href":"https:\/\/rinfere.com\/vi\/wp-json\/wp\/v2\/pages\/1299","targetHints":{"allow":["GET"]}}],"collection":[{"href":"https:\/\/rinfere.com\/vi\/wp-json\/wp\/v2\/pages"}],"about":[{"href":"https:\/\/rinfere.com\/vi\/wp-json\/wp\/v2\/types\/page"}],"author":[{"embeddable":true,"href":"https:\/\/rinfere.com\/vi\/wp-json\/wp\/v2\/users\/2"}],"replies":[{"embeddable":true,"href":"https:\/\/rinfere.com\/vi\/wp-json\/wp\/v2\/comments?post=1299"}],"version-history":[{"count":10,"href":"https:\/\/rinfere.com\/vi\/wp-json\/wp\/v2\/pages\/1299\/revisions"}],"predecessor-version":[{"id":1740,"href":"https:\/\/rinfere.com\/vi\/wp-json\/wp\/v2\/pages\/1299\/revisions\/1740"}],"wp:attachment":[{"href":"https:\/\/rinfere.com\/vi\/wp-json\/wp\/v2\/media?parent=1299"}],"curies":[{"name":"wp","href":"https:\/\/api.w.org\/{rel}","templated":true}]}}