{"id":1301,"date":"2025-08-02T08:48:49","date_gmt":"2025-08-02T01:48:49","guid":{"rendered":"https:\/\/rinfere.com\/warranty-policy\/"},"modified":"2025-10-09T14:51:00","modified_gmt":"2025-10-09T07:51:00","slug":"chinh-sach-bao-hanh","status":"publish","type":"page","link":"https:\/\/rinfere.com\/vi\/chinh-sach-bao-hanh\/","title":{"rendered":"Ch\u00ednh s\u00e1ch b\u1ea3o h\u00e0nh"},"content":{"rendered":"\n<p><strong>Ch\u00ednh s\u00e1ch b\u1ea3o h\u00e0nh s\u1ea3n ph\u1ea9m c\u1ee7a RINFERE<\/strong><\/p>\n\n\n\n<p>\u0110\u1ed1i v\u1edbi b\u00ecnh gi\u1eef nhi\u1ec7t v\u00e0 ly gi\u1eef nhi\u1ec7t, th\u1eddi h\u1ea1n b\u1ea3o h\u00e0nh l\u00e0 6 th\u00e1ng k\u1ec3 t\u1eeb ng\u00e0y nh\u1eadn h\u00e0ng.<\/p>\n\n\n\n<p>Trong th\u1eddi gian b\u1ea3o h\u00e0nh, n\u1ebfu c\u00f3 b\u1ea5t k\u1ef3 l\u1ed7i n\u00e0o c\u1ee7a nh\u00e0 s\u1ea3n xu\u1ea5t, kh\u00e1ch h\u00e0ng s\u1ebd \u0111\u01b0\u1ee3c \u0111\u1ed5i s\u1ea3n ph\u1ea9m m\u1edbi 1 \u0111\u1ed5i 1 m\u00e0 kh\u00f4ng m\u1ea5t th\u00eam chi ph\u00ed.<\/p>\n\n\n\n<p><strong>H\u1ed7 tr\u1ee3 sau b\u00e1n h\u00e0ng<\/strong><br>RINFERE c\u00f3 \u200b\u200b\u0111\u1ed9i ng\u0169 nh\u00e2n vi\u00ean b\u00e1n h\u00e0ng v\u00e0 h\u1ed7 tr\u1ee3 kh\u00e1ch h\u00e0ng t\u1eadn t\u00e2m, lu\u00f4n s\u1eb5n s\u00e0ng h\u1ed7 tr\u1ee3 nhanh ch\u00f3ng m\u1ecdi v\u1ea5n \u0111\u1ec1 ho\u1eb7c th\u1eafc m\u1eafc c\u1ee7a kh\u00e1ch h\u00e0ng trong qu\u00e1 tr\u00ecnh s\u1eed d\u1ee5ng s\u1ea3n ph\u1ea9m.<\/p>\n\n\n\n<p>Kh\u00e1ch h\u00e0ng c\u00f3 th\u1ec3 li\u00ean h\u1ec7 v\u1edbi ch\u00fang t\u00f4i qua email, \u0111i\u1ec7n tho\u1ea1i ho\u1eb7c fanpage ch\u00ednh th\u1ee9c \u0111\u1ec3 \u0111\u01b0\u1ee3c h\u1ed7 tr\u1ee3 v\u00e0 h\u01b0\u1edbng d\u1eabn.<\/p>\n","protected":false},"excerpt":{"rendered":"<p>Ch\u00ednh s\u00e1ch b\u1ea3o h\u00e0nh s\u1ea3n ph\u1ea9m c\u1ee7a RINFERE \u0110\u1ed1i v\u1edbi b\u00ecnh gi\u1eef nhi\u1ec7t v\u00e0 ly gi\u1eef nhi\u1ec7t, th\u1eddi h\u1ea1n b\u1ea3o h\u00e0nh l\u00e0 6 th\u00e1ng k\u1ec3 t\u1eeb ng\u00e0y nh\u1eadn h\u00e0ng. Trong th\u1eddi gian b\u1ea3o h\u00e0nh, n\u1ebfu c\u00f3 b\u1ea5t k\u1ef3 l\u1ed7i n\u00e0o c\u1ee7a nh\u00e0 s\u1ea3n xu\u1ea5t, kh\u00e1ch h\u00e0ng s\u1ebd \u0111\u01b0\u1ee3c \u0111\u1ed5i s\u1ea3n ph\u1ea9m m\u1edbi 1 \u0111\u1ed5i 1 [&#8230;]\n","protected":false},"author":2,"featured_media":0,"parent":0,"menu_order":0,"comment_status":"closed","ping_status":"closed","template":"page-blank-title-center.php","meta":{"footnotes":""},"class_list":["post-1301","page","type-page","status-publish","hentry","fpd-variation-needed"],"_links":{"self":[{"href":"https:\/\/rinfere.com\/vi\/wp-json\/wp\/v2\/pages\/1301","targetHints":{"allow":["GET"]}}],"collection":[{"href":"https:\/\/rinfere.com\/vi\/wp-json\/wp\/v2\/pages"}],"about":[{"href":"https:\/\/rinfere.com\/vi\/wp-json\/wp\/v2\/types\/page"}],"author":[{"embeddable":true,"href":"https:\/\/rinfere.com\/vi\/wp-json\/wp\/v2\/users\/2"}],"replies":[{"embeddable":true,"href":"https:\/\/rinfere.com\/vi\/wp-json\/wp\/v2\/comments?post=1301"}],"version-history":[{"count":4,"href":"https:\/\/rinfere.com\/vi\/wp-json\/wp\/v2\/pages\/1301\/revisions"}],"predecessor-version":[{"id":1743,"href":"https:\/\/rinfere.com\/vi\/wp-json\/wp\/v2\/pages\/1301\/revisions\/1743"}],"wp:attachment":[{"href":"https:\/\/rinfere.com\/vi\/wp-json\/wp\/v2\/media?parent=1301"}],"curies":[{"name":"wp","href":"https:\/\/api.w.org\/{rel}","templated":true}]}}