{"id":2019,"date":"2025-08-30T11:34:42","date_gmt":"2025-08-30T04:34:42","guid":{"rendered":"https:\/\/rinfere.com\/chinh-sach-thanh-toan\/"},"modified":"2026-01-27T15:07:01","modified_gmt":"2026-01-27T08:07:01","slug":"chinh-sach-thanh-toan","status":"publish","type":"page","link":"https:\/\/rinfere.com\/vi\/chinh-sach-thanh-toan\/","title":{"rendered":"Ch\u00ednh s\u00e1ch thanh to\u00e1n"},"content":{"rendered":"","protected":false},"excerpt":{"rendered":"","protected":false},"author":3,"featured_media":0,"parent":0,"menu_order":0,"comment_status":"closed","ping_status":"closed","template":"","meta":{"footnotes":""},"class_list":["post-2019","page","type-page","status-publish","hentry","fpd-variation-needed"],"_links":{"self":[{"href":"https:\/\/rinfere.com\/vi\/wp-json\/wp\/v2\/pages\/2019","targetHints":{"allow":["GET"]}}],"collection":[{"href":"https:\/\/rinfere.com\/vi\/wp-json\/wp\/v2\/pages"}],"about":[{"href":"https:\/\/rinfere.com\/vi\/wp-json\/wp\/v2\/types\/page"}],"author":[{"embeddable":true,"href":"https:\/\/rinfere.com\/vi\/wp-json\/wp\/v2\/users\/3"}],"replies":[{"embeddable":true,"href":"https:\/\/rinfere.com\/vi\/wp-json\/wp\/v2\/comments?post=2019"}],"version-history":[{"count":1,"href":"https:\/\/rinfere.com\/vi\/wp-json\/wp\/v2\/pages\/2019\/revisions"}],"predecessor-version":[{"id":2020,"href":"https:\/\/rinfere.com\/vi\/wp-json\/wp\/v2\/pages\/2019\/revisions\/2020"}],"wp:attachment":[{"href":"https:\/\/rinfere.com\/vi\/wp-json\/wp\/v2\/media?parent=2019"}],"curies":[{"name":"wp","href":"https:\/\/api.w.org\/{rel}","templated":true}]}}