{"id":1314,"date":"2025-08-05T14:19:00","date_gmt":"2025-08-05T07:19:00","guid":{"rendered":"https:\/\/rinfere.com\/product\/replacement-lid\/"},"modified":"2025-12-16T11:27:28","modified_gmt":"2025-12-16T04:27:28","slug":"replacement-lid","status":"publish","type":"product","link":"https:\/\/rinfere.com\/vi\/product\/replacement-lid\/","title":{"rendered":"N\u1eaeP LY GI\u1eee NHI\u1ec6T PHI\u00caN B\u1ea2N M\u1edaI"},"content":{"rendered":"<p>N\u1eaeP TR\u01af\u1ee2T \u0110\u00d3NG &#8211; M\u1ede D\u1ec4 D\u00c0NG\u00a0: N\u1eafp tr\u01b0\u1ee3t Rinfere\u00a0c\u00f3 c\u01a1 ch\u1ebf tr\u01b0\u1ee3t tr\u01a1n tru, gi\u00fap d\u1ec5 d\u00e0ng m\u1edf v\u00e0 \u0111\u00f3ng \u0111\u1ed3ng th\u1eddi ng\u0103n ng\u1eeba \u0111\u1ed5 tr\u00e0n. N\u1eafp n\u00e0y ho\u00e0n h\u1ea3o cho s\u1ef1 ti\u1ec7n l\u1ee3i khi di chuy\u1ec3n.<\/p>\n<p>N\u1eaeP\u00a0K\u00cdN CH\u1ed0NG R\u00d2 R\u1ec8 AN TO\u00c0N: N\u1eafp \u0111\u1eady\u00a0c\u1ee7a ch\u00fang t\u00f4i \u0111\u01b0\u1ee3c thi\u1ebft k\u1ebf \u0111\u1ec3 v\u1eeba v\u1edbi c\u00e1c s\u1ea3n ph\u1ea9m gi\u1eef nhi\u1ec7t c\u1ee7a Rinfere dung t\u00edch 295ml, 590ml, 710ml. Gio\u0103ng cao su m\u00e0u \u0111en kh\u00edt \u0111\u1ea3m b\u1ea3o v\u1eeba v\u1eb7n ch\u1ed1ng r\u00f2 r\u1ec9, gi\u1eef cho \u0111\u1ed3 u\u1ed1ng c\u1ee7a b\u1ea1n \u0111\u01b0\u1ee3c ch\u1ee9a an to\u00e0n m\u00e0 kh\u00f4ng b\u1ecb \u0111\u1ed5 tr\u00e0n, cho d\u00f9 b\u1ea1n \u1edf nh\u00e0 hay \u0111ang di chuy\u1ec3n.<\/p>\n<p>V\u1eacT LI\u1ec6U AN TO\u00c0N V\u00c0 KH\u00d4NG CH\u1ee8A BPA: \u0110\u01b0\u1ee3c l\u00e0m t\u1eeb nh\u1ef1a PP cao c\u1ea5p\u00a0v\u00e0 kh\u00f4ng ch\u1ee9a BPA, n\u1eafp thay th\u1ebf Rinfere\u00a0n\u00e0y \u0111\u1ea3m b\u1ea3o r\u1eb1ng m\u1ecdi ng\u1ee5m b\u1ea1n u\u1ed1ng \u0111\u1ec1u an to\u00e0n.<\/p>\n<p>DUY TR\u00cc NHI\u1ec6T \u0110\u1ed8 HO\u00c0N H\u1ea2O: N\u1eafp Ly gi\u1eef nhi\u1ec7t Rinfere\u00a0th\u1ebf h\u1ec7 m\u1edbi c\u1ee7a ch\u00fang t\u00f4i gi\u00fap gi\u1eef \u0111\u1ed3 u\u1ed1ng c\u1ee7a b\u1ea1n \u1edf nhi\u1ec7t \u0111\u1ed9 l\u00fd t\u01b0\u1edfng. V\u1edbi l\u1edbp \u0111\u1ec7m k\u00edn, ch\u1ed1ng r\u00f2 r\u1ec9, t\u0103ng th\u1eddi gian gi\u1eef nhi\u1ec7t cho s\u1ea3n ph\u1ea9m.<\/p>\n<p>D\u1ec4 D\u00c0NG V\u1ec6 SINH: N\u1eafp \u0111\u1eady phi\u00ean b\u1ea3n m\u1edbi d\u1ec5 s\u1eed d\u1ee5ng v\u00e0 d\u1ec5 d\u00e0ng v\u1ec7 sinh n\u1eafp trong qu\u00e1 tr\u00ecnh b\u1ea1n s\u1eed d\u1ee5ng s\u1ea3n ph\u1ea9m.<\/p>\n","protected":false},"excerpt":{"rendered":"<p>N\u1eafp ly gi\u1eef nhi\u1ec7t Rinfere th\u1ebf h\u1ec7 m\u1edbi d\u00f9ng cho c\u00e1c s\u1ea3n ph\u1ea9m dung t\u00edch 295ml &#8211; 590ml &#8211; 710ml c\u1ee7a Rinfere<\/p>\n<ul>\n<li>N\u1eafp tr\u01b0\u1ee3t \u0111\u00f3ng &#8211; m\u1edf d\u1ec5 d\u00e0ng<\/li>\n<li>Ch\u1ed1ng r\u00f2 r\u1ec9 100%<\/li>\n<li>Nh\u1ef1a PP an to\u00e0n cho \u0111\u1ed3 u\u1ed1ng v\u00e0 \u0111\u1ed9 b\u1ec1n cao trong qu\u00e1 tr\u00ecnh s\u1eed d\u1ee5ng<\/li>\n<li>D\u1ec5 d\u00e0ng th\u00e1o l\u1eafp v\u1ec7 sinh<\/li>\n<\/ul>\n","protected":false},"featured_media":1148,"comment_status":"open","ping_status":"closed","template":"","meta":[],"product_brand":[29],"product_cat":[248],"product_tag":[249,250],"class_list":{"0":"post-1314","1":"product","2":"type-product","3":"status-publish","4":"has-post-thumbnail","6":"product_brand-rinfere","7":"product_cat-phu-kien","8":"product_tag-an-toan-voi-may-rua-chen","9":"product_tag-bpa-free-vi","10":"fpd-variation-needed","12":"first","13":"instock","14":"sale","15":"shipping-taxable","16":"purchasable","17":"product-type-simple"},"_links":{"self":[{"href":"https:\/\/rinfere.com\/vi\/wp-json\/wp\/v2\/product\/1314","targetHints":{"allow":["GET"]}}],"collection":[{"href":"https:\/\/rinfere.com\/vi\/wp-json\/wp\/v2\/product"}],"about":[{"href":"https:\/\/rinfere.com\/vi\/wp-json\/wp\/v2\/types\/product"}],"replies":[{"embeddable":true,"href":"https:\/\/rinfere.com\/vi\/wp-json\/wp\/v2\/comments?post=1314"}],"wp:featuredmedia":[{"embeddable":true,"href":"https:\/\/rinfere.com\/vi\/wp-json\/wp\/v2\/media\/1148"}],"wp:attachment":[{"href":"https:\/\/rinfere.com\/vi\/wp-json\/wp\/v2\/media?parent=1314"}],"wp:term":[{"taxonomy":"product_brand","embeddable":true,"href":"https:\/\/rinfere.com\/vi\/wp-json\/wp\/v2\/product_brand?post=1314"},{"taxonomy":"product_cat","embeddable":true,"href":"https:\/\/rinfere.com\/vi\/wp-json\/wp\/v2\/product_cat?post=1314"},{"taxonomy":"product_tag","embeddable":true,"href":"https:\/\/rinfere.com\/vi\/wp-json\/wp\/v2\/product_tag?post=1314"}],"curies":[{"name":"wp","href":"https:\/\/api.w.org\/{rel}","templated":true}]}}