{"id":1346,"date":"2025-07-01T21:50:00","date_gmt":"2025-07-01T14:50:00","guid":{"rendered":"https:\/\/rinfere.com\/product\/20-oz-tumbler\/"},"modified":"2025-12-16T10:45:19","modified_gmt":"2025-12-16T03:45:19","slug":"ly-giu-nhiet-590ml","status":"publish","type":"product","link":"https:\/\/rinfere.com\/vi\/product\/ly-giu-nhiet-590ml\/","title":{"rendered":"LY GI\u1eee NHI\u1ec6T 590ML"},"content":{"rendered":"<ul>\n<li>Si\u00eau Ti\u1ebft ki\u1ec7m: S\u1ea3n ph\u1ea7m Ly gi\u1eef nhi\u1ec7t Rinfere 590ml bao g\u1ed3m 1 ly gi\u1eef nhi\u1ec7t, 1 n\u1eafp \u0111\u1eady thi\u1ebft k\u1ebf tr\u01b0\u1ee3t \u0111\u00f3ng, m\u1edf d\u1ec5 d\u00e0ng v\u00e0 t\u1eb7ng k\u00e8m 1 \u1ed1ng h\u00fat th\u00e9p t\u00e1i s\u1eed d\u1ee5ng, 1 c\u1ecd r\u1eeda \u1ed1ng h\u00fat, 2 \u0111\u1ea7u silicone \u1ed1ng h\u00fat<\/li>\n<li>V\u1eadt Li\u1ec7u Cao C\u1ea5p: Ly gi\u1eef nhi\u1ec7t \u0111\u01b0\u1ee3c l\u00e0m t\u1eeb th\u00e9p th\u1ef1c ph\u1ea9m 18\/8 v\u00e0 th\u00e9p kh\u00f4ng g\u1ec9 304 gi\u00fap gi\u1eef nhi\u1ec7t \u0111\u1ed9 c\u1ee7a \u0111\u1ed3 u\u1ed1ng l\u00e2u h\u01a1n v\u00e0 gi\u1eef tr\u1ecdn v\u1eb9n h\u01b0\u01a1ng v\u1ecb \u0111\u1ed3 u\u1ed1ng<\/li>\n<li>Thi\u1ebft k\u1ebf 2 l\u1edbp ch\u00e2n kh\u00f4ng: gi\u00fap gi\u1eef l\u1ea1nh l\u00ean \u0111\u1ebfn 12h v\u00e0 gi\u1eef n\u00f3ng l\u00ean \u0111\u1ebfn 6h<\/li>\n<li>L\u1edbp V\u1ecf \u01afu Vi\u1ec7t: V\u1edbi thi\u1ebft k\u1ebf v\u1ecf nh\u00e1m gi\u00fap cho ly kh\u00f4ng b\u00e1m v\u00e2n tay ho\u1eb7c m\u1ed3 h\u00f4i tay, ch\u1ed1ng tr\u01a1n tr\u01b0\u1ee3t, d\u1ec5 d\u00e0ng v\u1ec7 sinh<\/li>\n<li>N\u1eafp Ch\u1ed1ng Tr\u00e0n V\u00e0 D\u1ec5 D\u00e0ng V\u1ec7 Sinh: N\u1eafp tr\u01b0\u1ee3t \u0111\u01b0\u1ee3c thi\u1ebft k\u1ebf ch\u1ed1ng r\u1ec9 100% gi\u00fap gi\u1eef nhi\u1ec7t l\u00e2u h\u01a1n v\u00e0 \u0111\u1eb7c bi\u1ec7t l\u00e0 c\u1ef1c d\u1ec5 th\u00e1o l\u1eafp \u0111\u1ec3 v\u1ec7 sinh khi d\u00f9ng m\u1ed9t th\u1eddi gian.<\/li>\n<li>H\u1ed9p S\u1ea3n Ph\u1ea9m \u0110\u1eb9p M\u1eaft: H\u1ed9p s\u1ea3n ph\u1ea9m \u0111\u01b0\u1ee3c thi\u1ebft k\u1ebf tinh t\u1ebf, 100% b\u1eb1ng carton r\u1ea5t th\u00e2n thi\u1ec7n v\u1edbi m\u00f4i tr\u01b0\u1eddng. M\u1ed9t m\u00f3n qu\u00e0 \u00fd ngh\u0129a cho ng\u01b0\u1eddi th\u00e2n v\u00e0 b\u1ea1n b\u00e8<\/li>\n<\/ul>\n<p><img decoding=\"async\" class=\"alignnone wp-image-1366 size-full\" src=\"https:\/\/rinfere.com\/wp-content\/uploads\/2025\/07\/vn-11134207-7ra0g-m8ubhh23c0uce6.webp\" alt=\"\" width=\"1024\" height=\"1024\" srcset=\"https:\/\/rinfere.com\/wp-content\/uploads\/2025\/07\/vn-11134207-7ra0g-m8ubhh23c0uce6.webp 1024w, https:\/\/rinfere.com\/wp-content\/uploads\/2025\/07\/vn-11134207-7ra0g-m8ubhh23c0uce6-300x300.webp 300w, https:\/\/rinfere.com\/wp-content\/uploads\/2025\/07\/vn-11134207-7ra0g-m8ubhh23c0uce6-150x150.webp 150w, https:\/\/rinfere.com\/wp-content\/uploads\/2025\/07\/vn-11134207-7ra0g-m8ubhh23c0uce6-768x768.webp 768w, https:\/\/rinfere.com\/wp-content\/uploads\/2025\/07\/vn-11134207-7ra0g-m8ubhh23c0uce6-247x247.webp 247w, https:\/\/rinfere.com\/wp-content\/uploads\/2025\/07\/vn-11134207-7ra0g-m8ubhh23c0uce6-510x510.webp 510w, https:\/\/rinfere.com\/wp-content\/uploads\/2025\/07\/vn-11134207-7ra0g-m8ubhh23c0uce6-100x100.webp 100w, https:\/\/rinfere.com\/wp-content\/uploads\/2025\/07\/vn-11134207-7ra0g-m8ubhh23c0uce6-600x600.webp 600w, https:\/\/rinfere.com\/wp-content\/uploads\/2025\/07\/vn-11134207-7ra0g-m8ubhh23c0uce6-96x96.webp 96w\" sizes=\"(max-width: 1024px) 100vw, 1024px\" \/> <img decoding=\"async\" class=\"alignnone wp-image-1370 size-full\" src=\"https:\/\/rinfere.com\/wp-content\/uploads\/2025\/07\/lop-vo-uu-viet.webp\" alt=\"lo\u031b\u0301p vo\u0309 u\u031bu vie\u0323\u0302t\" width=\"1024\" height=\"1024\" srcset=\"https:\/\/rinfere.com\/wp-content\/uploads\/2025\/07\/lop-vo-uu-viet.webp 1024w, https:\/\/rinfere.com\/wp-content\/uploads\/2025\/07\/lop-vo-uu-viet-300x300.webp 300w, https:\/\/rinfere.com\/wp-content\/uploads\/2025\/07\/lop-vo-uu-viet-150x150.webp 150w, https:\/\/rinfere.com\/wp-content\/uploads\/2025\/07\/lop-vo-uu-viet-768x768.webp 768w, https:\/\/rinfere.com\/wp-content\/uploads\/2025\/07\/lop-vo-uu-viet-247x247.webp 247w, https:\/\/rinfere.com\/wp-content\/uploads\/2025\/07\/lop-vo-uu-viet-510x510.webp 510w, https:\/\/rinfere.com\/wp-content\/uploads\/2025\/07\/lop-vo-uu-viet-100x100.webp 100w, https:\/\/rinfere.com\/wp-content\/uploads\/2025\/07\/lop-vo-uu-viet-600x600.webp 600w, https:\/\/rinfere.com\/wp-content\/uploads\/2025\/07\/lop-vo-uu-viet-96x96.webp 96w\" sizes=\"(max-width: 1024px) 100vw, 1024px\" \/><img decoding=\"async\" class=\"alignnone wp-image-1368 size-full\" src=\"https:\/\/rinfere.com\/wp-content\/uploads\/2025\/07\/vn-11134207-7ras8-md049hi2yzq4d6.webp\" alt=\"\" width=\"1024\" height=\"1024\" srcset=\"https:\/\/rinfere.com\/wp-content\/uploads\/2025\/07\/vn-11134207-7ras8-md049hi2yzq4d6.webp 1024w, https:\/\/rinfere.com\/wp-content\/uploads\/2025\/07\/vn-11134207-7ras8-md049hi2yzq4d6-300x300.webp 300w, https:\/\/rinfere.com\/wp-content\/uploads\/2025\/07\/vn-11134207-7ras8-md049hi2yzq4d6-150x150.webp 150w, https:\/\/rinfere.com\/wp-content\/uploads\/2025\/07\/vn-11134207-7ras8-md049hi2yzq4d6-768x768.webp 768w, https:\/\/rinfere.com\/wp-content\/uploads\/2025\/07\/vn-11134207-7ras8-md049hi2yzq4d6-247x247.webp 247w, https:\/\/rinfere.com\/wp-content\/uploads\/2025\/07\/vn-11134207-7ras8-md049hi2yzq4d6-510x510.webp 510w, https:\/\/rinfere.com\/wp-content\/uploads\/2025\/07\/vn-11134207-7ras8-md049hi2yzq4d6-100x100.webp 100w, https:\/\/rinfere.com\/wp-content\/uploads\/2025\/07\/vn-11134207-7ras8-md049hi2yzq4d6-600x600.webp 600w, https:\/\/rinfere.com\/wp-content\/uploads\/2025\/07\/vn-11134207-7ras8-md049hi2yzq4d6-96x96.webp 96w\" sizes=\"(max-width: 1024px) 100vw, 1024px\" \/><\/p>\n","protected":false},"excerpt":{"rendered":"<p>Mang theo \u0111\u1ed3 u\u1ed1ng l\u1ea1nh y\u00eau th\u00edch c\u1ee7a b\u1ea1n khi \u0111i du l\u1ecbch v\u1edbi n\u1eafp ch\u1ed1ng r\u00f2 r\u1ec9 100%<\/p>\n<ul>\n<li>V\u1eadt li\u1ec7u cao c\u1ea5p<\/li>\n<li>Gi\u1eef n\u00f3ng \u0111\u1ebfn 6 gi\u1edd \/ gi\u1eef l\u1ea1nh \u0111\u1ebfn 12 gi\u1edd<\/li>\n<li>N\u1eafp \u0111\u1eady ch\u1ed1ng r\u00f2 r\u1ec9 100%<\/li>\n<li>Kh\u00f4ng ch\u1ee9a BPA<\/li>\n<li>T\u01b0\u01a1ng th\u00edch v\u1edbi khay \u0111\u1ef1ng c\u1ed1 tr\u00ean \u00f4 t\u00f4<\/li>\n<li>An to\u00e0n v\u1edbi m\u00e1y r\u1eeda ch\u00e9n<\/li>\n<\/ul>\n","protected":false},"featured_media":1008,"comment_status":"open","ping_status":"closed","template":"","meta":[],"product_brand":[29],"product_cat":[254],"product_tag":[249,282,275,272,281,271,278],"class_list":{"0":"post-1346","1":"product","2":"type-product","3":"status-publish","4":"has-post-thumbnail","6":"product_brand-rinfere","7":"product_cat-ly-giu-nhiet","8":"product_tag-an-toan-voi-may-rua-chen","9":"product_tag-and-phthalate-free-vi","10":"product_tag-cach-nhiet-chan-khong","11":"product_tag-khong-chua-bpa","12":"product_tag-lead-vi","13":"product_tag-nap-kin-chong-ro-ri-100","14":"product_tag-vat-lieu-chat-luong-cao","15":"pa_capacity-590ml","16":"pa_color-alpine-yellow","17":"pa_color-black","18":"pa_color-northwoods-green","19":"pa_color-sand","20":"pa_color-sandstone-pink","21":"pa_color-xanh-navy","22":"fpd-variation-needed","24":"first","25":"instock","26":"sale","27":"shipping-taxable","28":"purchasable","29":"product-type-variable"},"_links":{"self":[{"href":"https:\/\/rinfere.com\/vi\/wp-json\/wp\/v2\/product\/1346","targetHints":{"allow":["GET"]}}],"collection":[{"href":"https:\/\/rinfere.com\/vi\/wp-json\/wp\/v2\/product"}],"about":[{"href":"https:\/\/rinfere.com\/vi\/wp-json\/wp\/v2\/types\/product"}],"replies":[{"embeddable":true,"href":"https:\/\/rinfere.com\/vi\/wp-json\/wp\/v2\/comments?post=1346"}],"wp:featuredmedia":[{"embeddable":true,"href":"https:\/\/rinfere.com\/vi\/wp-json\/wp\/v2\/media\/1008"}],"wp:attachment":[{"href":"https:\/\/rinfere.com\/vi\/wp-json\/wp\/v2\/media?parent=1346"}],"wp:term":[{"taxonomy":"product_brand","embeddable":true,"href":"https:\/\/rinfere.com\/vi\/wp-json\/wp\/v2\/product_brand?post=1346"},{"taxonomy":"product_cat","embeddable":true,"href":"https:\/\/rinfere.com\/vi\/wp-json\/wp\/v2\/product_cat?post=1346"},{"taxonomy":"product_tag","embeddable":true,"href":"https:\/\/rinfere.com\/vi\/wp-json\/wp\/v2\/product_tag?post=1346"}],"curies":[{"name":"wp","href":"https:\/\/api.w.org\/{rel}","templated":true}]}}