{"id":1381,"date":"2025-07-01T21:49:00","date_gmt":"2025-07-01T14:49:00","guid":{"rendered":"https:\/\/rinfere.com\/product\/30-oz-tumbler\/"},"modified":"2025-12-16T10:42:48","modified_gmt":"2025-12-16T03:42:48","slug":"ly-giu-nhiet-900ml","status":"publish","type":"product","link":"https:\/\/rinfere.com\/vi\/product\/ly-giu-nhiet-900ml\/","title":{"rendered":"LY GI\u1eee NHI\u1ec6T 900ML"},"content":{"rendered":"<ul>\n<li>Si\u00eau Ti\u1ebft ki\u1ec7m: S\u1ea3n ph\u1ea7m Ly gi\u1eef nhi\u1ec7t Rinfere 900ml bao g\u1ed3m 1 ly gi\u1eef nhi\u1ec7t, 1 n\u1eafp \u0111\u1eady thi\u1ebft k\u1ebf tr\u01b0\u1ee3t \u0111\u00f3ng, m\u1edf d\u1ec5 d\u00e0ng v\u00e0 t\u1eb7ng k\u00e8m 1 \u1ed1ng h\u00fat th\u00e9p t\u00e1i s\u1eed d\u1ee5ng, 1 c\u1ecd r\u1eeda \u1ed1ng h\u00fat, 2 \u0111\u1ea7u silicone \u1ed1ng h\u00fat<\/li>\n<li>V\u1eadt Li\u1ec7u Cao C\u1ea5p: Ly gi\u1eef nhi\u1ec7t \u0111\u01b0\u1ee3c l\u00e0m t\u1eeb th\u00e9p th\u1ef1c ph\u1ea9m 18\/8 v\u00e0 th\u00e9p kh\u00f4ng g\u1ec9 304 gi\u00fap gi\u1eef nhi\u1ec7t \u0111\u1ed9 c\u1ee7a \u0111\u1ed3 u\u1ed1ng l\u00e2u h\u01a1n v\u00e0 gi\u1eef tr\u1ecdn v\u1eb9n h\u01b0\u01a1ng v\u1ecb \u0111\u1ed3 u\u1ed1ng<\/li>\n<li>Thi\u1ebft k\u1ebf 2 l\u1edbp ch\u00e2n kh\u00f4ng: gi\u00fap gi\u1eef l\u1ea1nh l\u00ean \u0111\u1ebfn 12h v\u00e0 gi\u1eef n\u00f3ng l\u00ean \u0111\u1ebfn 6h<\/li>\n<li>L\u1edbp V\u1ecf \u01afu Vi\u1ec7t: V\u1edbi thi\u1ebft k\u1ebf v\u1ecf nh\u00e1m gi\u00fap cho ly kh\u00f4ng b\u00e1m v\u00e2n tay ho\u1eb7c m\u1ed3 h\u00f4i tay, ch\u1ed1ng tr\u01a1n tr\u01b0\u1ee3t, d\u1ec5 d\u00e0ng v\u1ec7 sinh<\/li>\n<li>Ly N\u1eafp \u0110\u1eady thi\u1ebft k\u1ebf K\u00edn: Kh\u00f4ng c\u00f2n ph\u1ea3i lo l\u1eafng v\u1ec1 \u0111\u1ed3 u\u1ed1ng b\u1ecb r\u1ec9 ra ngo\u00e0i trong qu\u00e1 tr\u00ecnh s\u1eed d\u1ee5ng n\u1eefa v\u00ec n\u1eafp \u0111\u01b0\u1ee3c thi\u1ebft k\u1ebf k\u00edn v\u00e0 d\u1ec5 d\u00e0ng tr\u01b0\u1ee3t \u0111\u1ec3 \u0111\u00f3ng, m\u1edf<\/li>\n<li>H\u1ed9p S\u1ea3n Ph\u1ea9m \u0110\u1eb9p M\u1eaft: H\u1ed9p s\u1ea3n ph\u1ea9m \u0111\u01b0\u1ee3c thi\u1ebft k\u1ebf tinh t\u1ebf, 100% b\u1eb1ng carton r\u1ea5t th\u00e2n thi\u1ec7n v\u1edbi m\u00f4i tr\u01b0\u1eddng. M\u1ed9t m\u00f3n qu\u00e0 \u00fd ngh\u0129a cho ng\u01b0\u1eddi th\u00e2n v\u00e0 b\u1ea1n b\u00e8<\/li>\n<\/ul>\n","protected":false},"excerpt":{"rendered":"<p>B\u1ea1n \u0111\u1ed3ng h\u00e0nh cho nh\u1eefng m\u00f3n n\u01b0\u1edbc y\u00eau th\u00edch c\u1ee7a b\u1ea1n nh\u01b0: tr\u00e0, c\u00e0 ph\u00ea, n\u01b0\u1edbc \u00e9p&#8230;<\/p>\n<ul>\n<li>V\u1eadt li\u1ec7u ch\u1ea5t l\u01b0\u1ee3ng cao<\/li>\n<li>C\u00e1ch nhi\u1ec7t ch\u00e2n kh\u00f4ng hai l\u1edbp<\/li>\n<li>N\u1eafp \u0111\u1eady ch\u1ed1ng r\u00f2 r\u1ec9 100%<\/li>\n<li>Kh\u00f4ng ch\u1ee9a BPA, ch\u00ec<\/li>\n<li>T\u01b0\u01a1ng th\u00edch v\u1edbi gi\u00e1 \u0111\u1ec3 c\u1ed1c \u00f4 t\u00f4<\/li>\n<li>An to\u00e0n v\u1edbi m\u00e1y r\u1eeda ch\u00e9n<\/li>\n<\/ul>\n","protected":false},"featured_media":1064,"comment_status":"open","ping_status":"closed","template":"","meta":[],"product_brand":[29],"product_cat":[254],"product_tag":[249,272,271,288,278],"class_list":{"0":"post-1381","1":"product","2":"type-product","3":"status-publish","4":"has-post-thumbnail","6":"product_brand-rinfere","7":"product_cat-ly-giu-nhiet","8":"product_tag-an-toan-voi-may-rua-chen","9":"product_tag-khong-chua-bpa","10":"product_tag-nap-kin-chong-ro-ri-100","11":"product_tag-tuong-thich-voi-gia-de-coc-o-to","12":"product_tag-vat-lieu-chat-luong-cao","13":"pa_capacity-900ml","14":"pa_color-alpine-yellow","15":"pa_color-black","16":"pa_color-northwoods-green","17":"pa_color-sand","18":"pa_color-xanh-navy","19":"fpd-variation-needed","21":"first","22":"outofstock","23":"shipping-taxable","24":"purchasable","25":"product-type-variable"},"_links":{"self":[{"href":"https:\/\/rinfere.com\/vi\/wp-json\/wp\/v2\/product\/1381","targetHints":{"allow":["GET"]}}],"collection":[{"href":"https:\/\/rinfere.com\/vi\/wp-json\/wp\/v2\/product"}],"about":[{"href":"https:\/\/rinfere.com\/vi\/wp-json\/wp\/v2\/types\/product"}],"replies":[{"embeddable":true,"href":"https:\/\/rinfere.com\/vi\/wp-json\/wp\/v2\/comments?post=1381"}],"wp:featuredmedia":[{"embeddable":true,"href":"https:\/\/rinfere.com\/vi\/wp-json\/wp\/v2\/media\/1064"}],"wp:attachment":[{"href":"https:\/\/rinfere.com\/vi\/wp-json\/wp\/v2\/media?parent=1381"}],"wp:term":[{"taxonomy":"product_brand","embeddable":true,"href":"https:\/\/rinfere.com\/vi\/wp-json\/wp\/v2\/product_brand?post=1381"},{"taxonomy":"product_cat","embeddable":true,"href":"https:\/\/rinfere.com\/vi\/wp-json\/wp\/v2\/product_cat?post=1381"},{"taxonomy":"product_tag","embeddable":true,"href":"https:\/\/rinfere.com\/vi\/wp-json\/wp\/v2\/product_tag?post=1381"}],"curies":[{"name":"wp","href":"https:\/\/api.w.org\/{rel}","templated":true}]}}