{"id":1488,"date":"2025-08-28T10:01:05","date_gmt":"2025-08-28T03:01:05","guid":{"rendered":"https:\/\/rinfere.com\/?post_type=product&#038;p=1488"},"modified":"2025-12-16T10:44:42","modified_gmt":"2025-12-16T03:44:42","slug":"ly-giu-nhiet-ca-phe-295ml","status":"publish","type":"product","link":"https:\/\/rinfere.com\/vi\/product\/ly-giu-nhiet-ca-phe-295ml\/","title":{"rendered":"LY GI\u1eee NHI\u1ec6T C\u00c0 PH\u00ca 295ML"},"content":{"rendered":"<ul>\n<li>V\u1eadt Li\u1ec7u Cao C\u1ea5p: Ly gi\u1eef nhi\u1ec7t c\u00e0 ph\u00ea dung t\u00edch 295ml \u0111\u01b0\u1ee3c l\u00e0m t\u1eeb th\u00e9p th\u1ef1c ph\u1ea9m 18\/8 v\u00e0 th\u00e9p kh\u00f4ng g\u1ec9 304 gi\u00fap gi\u1eef nhi\u1ec7t \u0111\u1ed9 c\u1ee7a \u0111\u1ed3 u\u1ed1ng l\u00e2u h\u01a1n v\u00e0 gi\u1eef tr\u1ecdn v\u1eb9n h\u01b0\u01a1ng v\u1ecb \u0111\u1ed3 u\u1ed1ng<\/li>\n<li>Thi\u1ebft k\u1ebf 2 v\u00e1ch ch\u00e2n kh\u00f4ng: gi\u00fap gi\u1eef l\u1ea1nh l\u00ean \u0111\u1ebfn 8h v\u00e0 gi\u1eef n\u00f3ng l\u00ean \u0111\u1ebfn 4h<\/li>\n<li>L\u1edbp V\u1ecf \u01afu Vi\u1ec7t: V\u1edbi thi\u1ebft k\u1ebf v\u1ecf nh\u00e1m gi\u00fap cho ly kh\u00f4ng t\u1ea1o ra m\u00f4 h\u00f4i, ch\u1ed1ng tr\u01a1n tr\u01b0\u1ee3t, d\u1ec5 d\u00e0ng v\u1ec7 sinh<\/li>\n<li>N\u1eafp Ch\u1ed1ng Tr\u00e0n V\u00e0 D\u1ec5 D\u00e0ng V\u1ec7 Sinh: N\u1eafp tr\u01b0\u1ee3t \u0111\u01b0\u1ee3c thi\u1ebft k\u1ebf ch\u1ed1ng r\u1ec9 100% gi\u00fap gi\u1eef nhi\u1ec7t l\u00e2u h\u01a1n v\u00e0 \u0111\u1eb7c bi\u1ec7t l\u00e0 c\u1ef1c d\u1ec5 th\u00e1o l\u1eafp \u0111\u1ec3 v\u1ec7 sinh khi d\u00f9ng m\u1ed9t th\u1eddi gian.<\/li>\n<li>H\u1ed9p S\u1ea3n Ph\u1ea9m \u0110\u1eb9p M\u1eaft: H\u1ed9p s\u1ea3n ph\u1ea9m \u0111\u01b0\u1ee3c thi\u1ebft k\u1ebf tinh t\u1ebf, 100% b\u1eb1ng carton r\u1ea5t th\u00e2n thi\u1ec7n v\u1edbi m\u00f4i tr\u01b0\u1eddng. M\u1ed9t m\u00f3n qu\u00e0 \u00fd ngh\u0129a cho ng\u01b0\u1eddi th\u00e2n v\u00e0 b\u1ea1n b\u00e8<img decoding=\"async\" src=\"https:\/\/cf.shopee.vn\/file\/vn-11134208-7ra0g-m8vchze2lk6m2c\" width=\"2560\" height=\"2560\" data-uploading=\"uploaded\" data-upload-status=\"success\" \/><img decoding=\"async\" src=\"https:\/\/cf.shopee.vn\/file\/vn-11134208-7qukw-lh5qmywfwxf61b\" width=\"1024\" height=\"1024\" data-uploading=\"uploaded\" data-upload-status=\"success\" \/><\/li>\n<\/ul>\n","protected":false},"excerpt":{"rendered":"<div>Mang theo c\u00e0 ph\u00ea v\u00e0 tr\u00e0 khi di chuy\u1ec3n v\u1edbi n\u1eafp \u0111\u1eady ch\u1ed1ng r\u00f2 r\u1ec9 100%<\/div>\n<ul>\n<li>V\u1eadt li\u1ec7u cao c\u1ea5p<\/li>\n<li>N\u1eafp \u0111\u1eady ch\u1ed1ng r\u00f2 r\u1ec9 100%<\/li>\n<li>Kh\u00f4ng ch\u1ee9a BPA, ch\u00ec v\u00e0 phthalate<\/li>\n<li>An to\u00e0n v\u1edbi m\u00e1y r\u1eeda ch\u00e9n<\/li>\n<\/ul>\n<div><\/div>\n<div><\/div>\n<div><\/div>\n","protected":false},"featured_media":1058,"comment_status":"open","ping_status":"closed","template":"","meta":[],"product_brand":[29],"product_cat":[252],"product_tag":[],"class_list":{"0":"post-1488","1":"product","2":"type-product","3":"status-publish","4":"has-post-thumbnail","6":"product_brand-rinfere","7":"product_cat-ly-giu-nhiet-ca-phe","8":"pa_capacity-295ml","9":"pa_color-alpine-yellow","10":"pa_color-black","11":"pa_color-northwoods-green","12":"pa_color-sand","13":"pa_color-sandstone-pink","14":"pa_color-xanh-navy","15":"fpd-variation-needed","17":"first","18":"instock","19":"shipping-taxable","20":"purchasable","21":"product-type-variable","22":"has-default-attributes"},"_links":{"self":[{"href":"https:\/\/rinfere.com\/vi\/wp-json\/wp\/v2\/product\/1488","targetHints":{"allow":["GET"]}}],"collection":[{"href":"https:\/\/rinfere.com\/vi\/wp-json\/wp\/v2\/product"}],"about":[{"href":"https:\/\/rinfere.com\/vi\/wp-json\/wp\/v2\/types\/product"}],"replies":[{"embeddable":true,"href":"https:\/\/rinfere.com\/vi\/wp-json\/wp\/v2\/comments?post=1488"}],"wp:featuredmedia":[{"embeddable":true,"href":"https:\/\/rinfere.com\/vi\/wp-json\/wp\/v2\/media\/1058"}],"wp:attachment":[{"href":"https:\/\/rinfere.com\/vi\/wp-json\/wp\/v2\/media?parent=1488"}],"wp:term":[{"taxonomy":"product_brand","embeddable":true,"href":"https:\/\/rinfere.com\/vi\/wp-json\/wp\/v2\/product_brand?post=1488"},{"taxonomy":"product_cat","embeddable":true,"href":"https:\/\/rinfere.com\/vi\/wp-json\/wp\/v2\/product_cat?post=1488"},{"taxonomy":"product_tag","embeddable":true,"href":"https:\/\/rinfere.com\/vi\/wp-json\/wp\/v2\/product_tag?post=1488"}],"curies":[{"name":"wp","href":"https:\/\/api.w.org\/{rel}","templated":true}]}}