{"id":1506,"date":"2025-08-28T10:48:09","date_gmt":"2025-08-28T03:48:09","guid":{"rendered":"https:\/\/rinfere.com\/?post_type=product&#038;p=1506"},"modified":"2025-12-25T08:57:51","modified_gmt":"2025-12-25T01:57:51","slug":"ly-giu-nhiet-co-tay-cam-900ml","status":"publish","type":"product","link":"https:\/\/rinfere.com\/vi\/product\/ly-giu-nhiet-co-tay-cam-900ml\/","title":{"rendered":"LY GI\u1eee NHI\u1ec6T C\u00d3 TAY C\u1ea6M 900ML"},"content":{"rendered":"<p>Thi\u1ebft k\u1ebf ti\u1ec7n d\u1ee5ng, c\u00f3 th\u1ec3 \u0111\u1ef1ng \u0111\u01b0\u1ee3c nhi\u1ec1u n\u01b0\u1edbc h\u01a1n, gi\u00fap b\u1ea1n d\u1ec5 d\u00e0ng mang theo n\u01b0\u1edbc khi di chuy\u1ec3n.<br \/>\nN\u1eafp v\u1eb7n k\u00e9p ph\u00f9 h\u1ee3p cho c\u1ea3 ng\u01b0\u1eddi thu\u1eadn tay ph\u1ea3i v\u00e0 tay tr\u00e1i.<br \/>\nTay c\u1ea7m l\u1edbn, tho\u1ea3i m\u00e1i gi\u00fap b\u1ea1n d\u1ec5 d\u00e0ng mang theo v\u00e0 c\u1ea7m n\u1eafm, d\u00f9 \u0111ang l\u00e1i xe, di chuy\u1ec3n hay t\u1eadp luy\u1ec7n.<br \/>\nL\u1edbp v\u1ecf ngo\u00e0i ch\u1ed1ng m\u1ed3 h\u00f4i, lu\u00f4n kh\u00f4 r\u00e1o v\u00e0 kh\u00f4ng b\u1ecb \u0111\u1ecdng n\u01b0\u1edbc, b\u1ea5t k\u1ec3 b\u00ean trong c\u00f3 g\u00ec.<br \/>\nK\u1ebft c\u1ea5u th\u00e9p kh\u00f4ng g\u1ec9 18\/8 mang l\u1ea1i \u0111\u1ed9 b\u1ec1n cao v\u00e0 an to\u00e0n khi s\u1eed d\u1ee5ng.<br \/>\nThi\u1ebft k\u1ebf an to\u00e0n v\u1edbi m\u00e1y r\u1eeda ch\u00e9n gi\u00fap d\u1ec5 d\u00e0ng v\u1ec7 sinh, ch\u1ec9 \u0111\u1eb7t n\u1eafp v\u00e0 \u1ed1ng h\u00fat l\u00ean gi\u00e1 tr\u00ean c\u00f9ng.<\/p>\n","protected":false},"excerpt":{"rendered":"<p>Chi\u1ebfc c\u1ed1c m\u1ea1nh m\u1ebd \u0111\u01b0\u1ee3c thi\u1ebft k\u1ebf cho nh\u1eefng chuy\u1ebfn \u0111i d\u00e0i<\/p>\n<ul>\n<li>Tay c\u1ea7m c\u00f3 k\u1ebft c\u1ea5u tho\u1ea3i m\u00e1i<\/li>\n<li>Th\u00e9p th\u1ef1c ph\u1ea9m 18\/8 kh\u00f4ng g\u1ec9 b\u1ec1n b\u1ec9<\/li>\n<li>N\u1eafp v\u1eb7n ph\u00f9 h\u1ee3p cho ng\u01b0\u1eddi thu\u1eadn tay ph\u1ea3i v\u00e0 tay tr\u00e1i<\/li>\n<li>Ph\u00f9 h\u1ee3p v\u1edbi h\u1ea7u h\u1ebft c\u00e1c gi\u00e1 \u0111\u1ec3 c\u1ed1c tr\u00ean \u00f4 t\u00f4<\/li>\n<li>Kh\u00f4ng ch\u1ee9a BPA<\/li>\n<li>An to\u00e0n v\u1edbi m\u00e1y r\u1eeda ch\u00e9n<\/li>\n<\/ul>\n<p>&nbsp;<\/p>\n","protected":false},"featured_media":1624,"comment_status":"open","ping_status":"closed","template":"","meta":[],"product_brand":[29],"product_cat":[253],"product_tag":[],"class_list":{"0":"post-1506","1":"product","2":"type-product","3":"status-publish","4":"has-post-thumbnail","6":"product_brand-rinfere","7":"product_cat-ly-giu-nhiet-co-tay-cam","8":"pa_capacity-900ml","9":"pa_color-alpine-yellow","10":"pa_color-black","11":"pa_color-rescue-red","12":"pa_color-sand","13":"pa_color-xanh-navy","14":"fpd-variation-needed","16":"first","17":"instock","18":"sale","19":"shipping-taxable","20":"purchasable","21":"product-type-variable"},"_links":{"self":[{"href":"https:\/\/rinfere.com\/vi\/wp-json\/wp\/v2\/product\/1506","targetHints":{"allow":["GET"]}}],"collection":[{"href":"https:\/\/rinfere.com\/vi\/wp-json\/wp\/v2\/product"}],"about":[{"href":"https:\/\/rinfere.com\/vi\/wp-json\/wp\/v2\/types\/product"}],"replies":[{"embeddable":true,"href":"https:\/\/rinfere.com\/vi\/wp-json\/wp\/v2\/comments?post=1506"}],"wp:featuredmedia":[{"embeddable":true,"href":"https:\/\/rinfere.com\/vi\/wp-json\/wp\/v2\/media\/1624"}],"wp:attachment":[{"href":"https:\/\/rinfere.com\/vi\/wp-json\/wp\/v2\/media?parent=1506"}],"wp:term":[{"taxonomy":"product_brand","embeddable":true,"href":"https:\/\/rinfere.com\/vi\/wp-json\/wp\/v2\/product_brand?post=1506"},{"taxonomy":"product_cat","embeddable":true,"href":"https:\/\/rinfere.com\/vi\/wp-json\/wp\/v2\/product_cat?post=1506"},{"taxonomy":"product_tag","embeddable":true,"href":"https:\/\/rinfere.com\/vi\/wp-json\/wp\/v2\/product_tag?post=1506"}],"curies":[{"name":"wp","href":"https:\/\/api.w.org\/{rel}","templated":true}]}}