{"id":1541,"date":"2025-08-29T11:24:18","date_gmt":"2025-08-29T04:24:18","guid":{"rendered":"https:\/\/rinfere.com\/?post_type=product&#038;p=1541"},"modified":"2025-12-16T10:42:47","modified_gmt":"2025-12-16T03:42:47","slug":"ly-giu-nhiet-co-tay-cam-710ml","status":"publish","type":"product","link":"https:\/\/rinfere.com\/vi\/product\/ly-giu-nhiet-co-tay-cam-710ml\/","title":{"rendered":"LY GI\u1eee NHI\u1ec6T C\u00d3 TAY C\u1ea6M 710ML"},"content":{"rendered":"<ul>\n<li>V\u1eadt Li\u1ec7u Cao C\u1ea5p: Ly gi\u1eef nhi\u1ec7t \u0111\u01b0\u1ee3c l\u00e0m t\u1eeb th\u00e9p th\u1ef1c ph\u1ea9m 18\/8 v\u00e0 th\u00e9p kh\u00f4ng g\u1ec9 304 gi\u00fap gi\u1eef nhi\u1ec7t \u0111\u1ed9 c\u1ee7a \u0111\u1ed3 u\u1ed1ng l\u00e2u h\u01a1n v\u00e0 gi\u1eef tr\u1ecdn v\u1eb9n h\u01b0\u01a1ng v\u1ecb \u0111\u1ed3 u\u1ed1ng<\/li>\n<li>L\u1edbp V\u1ecf \u01afu Vi\u1ec7t: V\u1edbi thi\u1ebft k\u1ebf v\u1ecf nh\u1eb5n gi\u00fap cho ly kh\u00f4ng t\u1ea1o ra m\u00f4 h\u00f4i, ch\u1ed1ng tr\u01a1n tr\u01b0\u1ee3t, d\u1ec5 d\u00e0ng v\u1ec7 sinh<\/li>\n<li>Thi\u1ebft k\u1ebf l\u1edbp ch\u00e2n kh\u00f4ng \u1edf gi\u1eefa: gi\u00fap gi\u1eef l\u1ea1nh l\u00ean \u0111\u1ebfn 12h v\u00e0 gi\u1eef n\u00f3ng l\u00ean \u0111\u1ebfn 6h<\/li>\n<li>N\u1eafp Ch\u1ed1ng Tr\u00e0n V\u00e0 D\u1ec5 D\u00e0ng V\u1ec7 Sinh: N\u1eafp tr\u01b0\u1ee3t \u0111\u01b0\u1ee3c thi\u1ebft k\u1ebf ch\u1ed1ng r\u1ec9 100% gi\u00fap gi\u1eef nhi\u1ec7t l\u00e2u h\u01a1n v\u00e0 \u0111\u1eb7c bi\u1ec7t l\u00e0 c\u1ef1c d\u1ec5 th\u00e1o l\u1eafp \u0111\u1ec3 v\u1ec7 sinh khi d\u00f9ng m\u1ed9t th\u1eddi gian.<\/li>\n<li>Tay c\u1ea7m ti\u1ec7n l\u1ee3i: thi\u1ebft k\u1ebf ch\u1eafc ch\u1eafn v\u00e0 ti\u1ec7n l\u1ee3i khi c\u1ea7m s\u1ea3n ph\u1ea9m<\/li>\n<li>H\u1ed9p S\u1ea3n Ph\u1ea9m \u0110\u1eb9p M\u1eaft: H\u1ed9p s\u1ea3n ph\u1ea9m \u0111\u01b0\u1ee3c thi\u1ebft k\u1ebf tinh t\u1ebf, 100% b\u1eb1ng carton r\u1ea5t th\u00e2n thi\u1ec7n v\u1edbi m\u00f4i tr\u01b0\u1eddng. M\u1ed9t m\u00f3n qu\u00e0 \u00fd ngh\u0129a cho ng\u01b0\u1eddi th\u00e2n v\u00e0 b\u1ea1n b\u00e8<img decoding=\"async\" style=\"color: #555555;\" src=\"https:\/\/cf.shopee.vn\/file\/vn-11134208-7qukw-lh5qmyw5vxmbfd\" width=\"1024\" height=\"1024\" data-uploading=\"uploaded\" data-upload-status=\"success\" \/><\/li>\n<\/ul>\n","protected":false},"excerpt":{"rendered":"<p>V\u1eadt Li\u1ec7u Cao C\u1ea5p: Ly gi\u1eef nhi\u1ec7t \u0111\u01b0\u1ee3c l\u00e0m t\u1eeb th\u00e9p th\u1ef1c ph\u1ea9m 18\/8 v\u00e0 th\u00e9p kh\u00f4ng g\u1ec9 304 gi\u00fap gi\u1eef nhi\u1ec7t \u0111\u1ed9 c\u1ee7a \u0111\u1ed3 u\u1ed1ng l\u00e2u h\u01a1n v\u00e0 gi\u1eef tr\u1ecdn v\u1eb9n h\u01b0\u01a1ng v\u1ecb \u0111\u1ed3 u\u1ed1ng L\u1edbp V\u1ecf \u01afu Vi\u1ec7t: V\u1edbi thi\u1ebft k\u1ebf v\u1ecf nh\u1eb5n gi\u00fap cho ly kh\u00f4ng t\u1ea1o ra m\u00f4 h\u00f4i, ch\u1ed1ng tr\u01a1n [&#8230;]\n","protected":false},"featured_media":1106,"comment_status":"open","ping_status":"closed","template":"","meta":[],"product_brand":[],"product_cat":[253],"product_tag":[],"class_list":{"0":"post-1541","1":"product","2":"type-product","3":"status-publish","4":"has-post-thumbnail","6":"product_cat-ly-giu-nhiet-co-tay-cam","7":"pa_capacity-710ml","8":"pa_color-alpine-yellow","9":"pa_color-black","10":"pa_color-northwoods-green","11":"pa_color-sand","12":"pa_color-sandstone-pink","13":"pa_color-xanh-navy","14":"fpd-variation-needed","16":"first","17":"outofstock","18":"sale","19":"shipping-taxable","20":"purchasable","21":"product-type-variable"},"_links":{"self":[{"href":"https:\/\/rinfere.com\/vi\/wp-json\/wp\/v2\/product\/1541","targetHints":{"allow":["GET"]}}],"collection":[{"href":"https:\/\/rinfere.com\/vi\/wp-json\/wp\/v2\/product"}],"about":[{"href":"https:\/\/rinfere.com\/vi\/wp-json\/wp\/v2\/types\/product"}],"replies":[{"embeddable":true,"href":"https:\/\/rinfere.com\/vi\/wp-json\/wp\/v2\/comments?post=1541"}],"wp:featuredmedia":[{"embeddable":true,"href":"https:\/\/rinfere.com\/vi\/wp-json\/wp\/v2\/media\/1106"}],"wp:attachment":[{"href":"https:\/\/rinfere.com\/vi\/wp-json\/wp\/v2\/media?parent=1541"}],"wp:term":[{"taxonomy":"product_brand","embeddable":true,"href":"https:\/\/rinfere.com\/vi\/wp-json\/wp\/v2\/product_brand?post=1541"},{"taxonomy":"product_cat","embeddable":true,"href":"https:\/\/rinfere.com\/vi\/wp-json\/wp\/v2\/product_cat?post=1541"},{"taxonomy":"product_tag","embeddable":true,"href":"https:\/\/rinfere.com\/vi\/wp-json\/wp\/v2\/product_tag?post=1541"}],"curies":[{"name":"wp","href":"https:\/\/api.w.org\/{rel}","templated":true}]}}