{"id":1550,"date":"2025-08-29T15:51:04","date_gmt":"2025-08-29T08:51:04","guid":{"rendered":"https:\/\/rinfere.com\/?post_type=product&#038;p=1550"},"modified":"2025-12-16T10:42:47","modified_gmt":"2025-12-16T03:42:47","slug":"binh-giu-nhiet-950ml","status":"publish","type":"product","link":"https:\/\/rinfere.com\/vi\/product\/binh-giu-nhiet-950ml\/","title":{"rendered":"B\u00ccNH GI\u1eee NHI\u1ec6T 950ML"},"content":{"rendered":"<ul>\n<li>V\u1eadt Li\u1ec7u Cao C\u1ea5p: B\u00ecnh \u0111\u01b0\u1ee3c l\u00e0m t\u1eeb th\u00e9p kh\u00f4ng g\u1ec9 304 \u1edf l\u1edbp ngo\u00e0i v\u00e0 th\u00e9p th\u1ef1c ph\u1ea9m 18\/8 \u1edf l\u1edbp trong r\u1ea5t an to\u00e0n cho vi\u1ec7c ch\u1ee9a \u0111\u1ed3 u\u1ed1ng v\u00e0 th\u1ee9c \u0103n<\/li>\n<\/ul>\n<ul>\n<li>Combo 2 n\u1eafp Ti\u1ebft Ki\u1ec7m v\u00e0 Ti\u1ec7n l\u1ee3i: Combo 2 n\u1eafp g\u1ed3m\u00a0n\u1eafp \u1ed1ng h\u00fat v\u00e0 n\u1eafp v\u1eb7n ki\u1ec3u d\u00e1ng th\u1ec3 thao\u00a0\u0111\u01b0\u1ee3c thi\u1ebft k\u1ebf c\u00f3 3 l\u1edbp c\u00e1ch nhi\u1ec7t gi\u00fap gi\u1eef nhi\u1ec7t v\u01b0\u1ee3t tr\u1ed9i.\u00a0100% Ch\u1ed1ng r\u00f2 r\u1ec9 m\u00e0 kh\u00f4ng lo t\u00fai ho\u1eb7c ba l\u00f4 \u01b0\u1edbt.<\/li>\n<\/ul>\n<ul>\n<li>Mi\u1ec7ng B\u00ecnh R\u1ed9ng: B\u1ea1n c\u00f3 th\u1ec3 cho \u0111\u00e1 vi\u00ean v\u00e0o, d\u1ec5 d\u00e0ng v\u1ec7 sinh<\/li>\n<\/ul>\n<ul>\n<li>L\u1edbp V\u1ecf \u01afu Vi\u1ec7t: V\u1edbi thi\u1ebft k\u1ebf v\u1ecf b\u00ecnh si\u00eau nh\u00e1m b\u1ec1n v\u00e0 kh\u00f3 bong tr\u00f3c gi\u00fap cho b\u00ecnh kh\u00f4ng t\u1ea1o ra m\u00f4 h\u00f4i, ch\u1ed1ng tr\u01a1n tr\u01b0\u1ee3t, d\u1ec5 d\u00e0ng v\u1ec7 sinh<\/li>\n<\/ul>\n","protected":false},"excerpt":{"rendered":"<p>B\u00ecnh gi\u1eef nhi\u1ec7t cao c\u1ea5p, combo 2 n\u1eafp si\u00eau ti\u1ec7n l\u1ee3i v\u00e0 ti\u1ebft ki\u1ec7m<\/p>\n<ul>\n<li>Gi\u1eef l\u1ea1nh \u0111\u1ebfn 24 gi\u1edd \/ gi\u1eef n\u00f3ng \u0111\u1ebfn 12 gi\u1edd<\/li>\n<li>Kh\u00f4ng b\u1ecb r\u00f2 r\u1ec9 khi \u0111\u00f3ng<\/li>\n<li>Mi\u1ec7ng r\u1ed9ng cho ph\u00e9p \u0111\u1ef1ng \u0111\u00e1 vi\u00ean<\/li>\n<li>An to\u00e0n v\u1edbi m\u00e1y r\u1eeda ch\u00e9n<\/li>\n<\/ul>\n","protected":false},"featured_media":1081,"comment_status":"open","ping_status":"closed","template":"","meta":[],"product_brand":[],"product_cat":[251],"product_tag":[],"class_list":{"0":"post-1550","1":"product","2":"type-product","3":"status-publish","4":"has-post-thumbnail","6":"product_cat-binh-giu-nhiet","7":"pa_capacity-950ml","8":"pa_color-alpine-yellow","9":"pa_color-black","10":"pa_color-northwoods-green","11":"pa_color-xanh-navy","12":"fpd-variation-needed","14":"first","15":"instock","16":"shipping-taxable","17":"purchasable","18":"product-type-variable"},"_links":{"self":[{"href":"https:\/\/rinfere.com\/vi\/wp-json\/wp\/v2\/product\/1550","targetHints":{"allow":["GET"]}}],"collection":[{"href":"https:\/\/rinfere.com\/vi\/wp-json\/wp\/v2\/product"}],"about":[{"href":"https:\/\/rinfere.com\/vi\/wp-json\/wp\/v2\/types\/product"}],"replies":[{"embeddable":true,"href":"https:\/\/rinfere.com\/vi\/wp-json\/wp\/v2\/comments?post=1550"}],"wp:featuredmedia":[{"embeddable":true,"href":"https:\/\/rinfere.com\/vi\/wp-json\/wp\/v2\/media\/1081"}],"wp:attachment":[{"href":"https:\/\/rinfere.com\/vi\/wp-json\/wp\/v2\/media?parent=1550"}],"wp:term":[{"taxonomy":"product_brand","embeddable":true,"href":"https:\/\/rinfere.com\/vi\/wp-json\/wp\/v2\/product_brand?post=1550"},{"taxonomy":"product_cat","embeddable":true,"href":"https:\/\/rinfere.com\/vi\/wp-json\/wp\/v2\/product_cat?post=1550"},{"taxonomy":"product_tag","embeddable":true,"href":"https:\/\/rinfere.com\/vi\/wp-json\/wp\/v2\/product_tag?post=1550"}],"curies":[{"name":"wp","href":"https:\/\/api.w.org\/{rel}","templated":true}]}}